{"id":11502,"date":"2019-03-21T15:20:48","date_gmt":"2019-03-21T20:20:48","guid":{"rendered":"https:\/\/coltoledoplata.edu.co\/web\/?page_id=11502"},"modified":"2020-11-03T18:31:48","modified_gmt":"2020-11-03T23:31:48","slug":"nuestro-colegio","status":"publish","type":"page","link":"https:\/\/coltoledoplata.edu.co\/web\/nuestro-colegio\/","title":{"rendered":"Nuestro Colegio"},"content":{"rendered":"<div class=\"wpb-content-wrapper\"><p>[vc_row][vc_column]<div class=\"thim-widget-heading template-base\"><div class=\"sc_heading  text-center\"><h3 style=\"font-size:35px;font-weight:600;\" class=\"title\">Informaci\u00f3n <strong>Institucional<\/strong><\/h3><\/div><\/div>[\/vc_column][\/vc_row][vc_row css=\u00bb.vc_custom_1559531433775{margin-bottom: 15px !important;}\u00bb][vc_column width=\u00bb1\/2&#8243; css=\u00bb.vc_custom_1562790987399{margin-bottom: 30px !important;}\u00bb][vc_column_text]<\/p>\n<h3 class=\"thim-text-title\">Misi\u00f3n<\/h3>\n<p>Somos una Instituci\u00f3n Educativa oficial, con media t\u00e9cnica articulada con el SENA para la formaci\u00f3n laboral, de car\u00e1cter incluyente, formadora de ciudadanos emprendedores capaces de tomar decisiones apropiadas de acuerdo a las circunstancias que se les presente en su entorno, competentes para afrontar los retos que la evoluci\u00f3n de la sociedad plantea, fundamentados en los valores human\u00edsticos para una sana convivencia.[\/vc_column_text][\/vc_column][vc_column width=\u00bb1\/2&#8243; css=\u00bb.vc_custom_1562790978331{margin-bottom: 30px !important;}\u00bb][vc_column_text]<\/p>\n<h3 class=\"thim-text-title\">Visi\u00f3n<\/h3>\n<p>Al a\u00f1o 2021 la instituci\u00f3n educativa colegio Toledo plata ser\u00e1 reconocida por:<\/p>\n<p>Ser un centro educativo abierto al cambio, acorde a las necesidades del entorno, con principios y valores definidos; ofreciendo oportunidades de mejoramiento a trav\u00e9s de la formaci\u00f3n en competencias b\u00e1sicas y laborales de acuerdo al contexto, que se reconozca como un espacio de interacci\u00f3n comunitaria que fortalezca el desarrollo socio-econ\u00f3mico del sector.[\/vc_column_text][\/vc_column][\/vc_row][vc_row][vc_column][vc_tta_tabs][vc_tta_section title=\u00bbRESE\u00d1A HIST\u00d3RICA\u00bb tab_id=\u00bb1553201553639-a4a157b2-0618&#8243;][vc_column_text]El Barrio Carlos Toledo Plata enclavado en el sector marginal Aeropuerto de C\u00facuta, se inicia como una invasi\u00f3n por iniciativa de un grupo de 100 personas, que con reiterados intentos logran su objetivo el 1 de Mayo de 1991.<\/p>\n<p>En 1992 la comunidad Toledo Plata construye dos aulas utilizando retal de madera , donado por MADERAS MARQUEZ iniciando labores educativas con 100 ni\u00f1os de los grados 1\u00ba y 2\u00ba de B\u00e1sica Primaria.<\/p>\n<p>En 1993 la Junta de Acci\u00f3n comunal reubica la Escuela construyendo 3 salones donde funciona actualmente el Colegio en un \u00e1rea de 2.697 metros cuadrados. El Municipio nombra dos Docentes y la comunidad paga los servicios de un tercero bajo la direcci\u00f3n del Profesor ABELARDO NI\u00d1O.<\/p>\n<p>En 1994 El Consejo Municipal mediante Acuerdo N\u00ba 066 crea la Escuela Carlos Toledo Plata, nombra la Licenciada CRISTINA CASTRO ARDILA Directora junto con dos Docentes m\u00e1s. En este mismo a\u00f1o la Secretaria de Obras P\u00fablicas Municipales C\u00e1mara de Comercio, TUBOS LA FAMA y la comunidad construyen 3 aulas de clase, se atienden 250 ni\u00f1os.<\/p>\n<p>En 1996 la U.F.P.S. Se vincula en la modalidad Educaci\u00f3n a Distancia con estudiantes de \u00faltimo Semestre y construyen tres aulas como proyecto de grado.<\/p>\n<p>En 1997 los estudiantes de ingenier\u00eda civil de \u00faltimo semestre construyen el restaurante escolar y 300 estudiantes son beneficiados con el almuerzo a un costo m\u00ednimo.<\/p>\n<p>En este mismo a\u00f1o el M.E.N, Departamento Norte de Santander y la Alcald\u00eda de C\u00facuta firman un convenio con la Cooperativa SEDOP para brindar Educaci\u00f3n gratuita de pre &#8211; escolar, b\u00e1sica primaria y secundaria.<\/p>\n<p>En 1999 por Resoluci\u00f3n No 0397 de 1997 de la S.E.D concede licencia de funcionamiento a la Escuela Carlos Toledo Plata de 0\u00ba a 9\u00ba grado bajo la direcci\u00f3n del Lic. JORGE ENRIQUE REYES BARAJAS. En su Administraci\u00f3n se construye la Unidad Sanitaria, tres aulas, cerramiento, sala de docentes, Rector\u00eda y aula de Inform\u00e1tica dotada de seis computadores donados por ECOPETROL.<\/p>\n<p>Por Decreto No 0967-18-12-2000 la Escuela es convertida en Colegio B\u00e1sico Carlos Toledo Plata.<\/p>\n<p>En 2002 asume la Direcci\u00f3n el Lic. LUIS SAUL ROJAS y por Decreto No 783 del 2002 la Instituci\u00f3n es fusionada al Colegio Municipal AEROPUERTO regentado por el Lic. ANTONIO HERN\u00c1NDEZ CARVAJAL.<\/p>\n<p>En 2004 se nombra como Coordinador de la Sede Toledo Plata al Lic. JAIRO MENESES OVALLOS Funcionando 22 grupos de 0\u00ba a 9\u00ba grado en dos jornadas ma\u00f1ana y tarde.<\/p>\n<p>Por Decreto 0029 del 26 de Enero de 2005 emanado de la S.E.M. la Instituci\u00f3n se disgrega del Colegio Aeropuerto con el nombre de INSTITUCI\u00d3N EDUCATIVA COLEGIO TOLEDO PLATA, iniciando una nueva vida Escolar y organizacional, con autonom\u00eda propia ofreciendo un mejor servicio educativo. Es nombrado como Rector el Licenciado JAIRO MENESES OVALLOS, quien organiza la nueva instituci\u00f3n e inscribe el Proyecto Educativo Institucional P.E.I. ante la S.E.M, siendo coordinador ISRAEL CAMARGO GUERRERO. En su administraci\u00f3n se logran avances significativos en los campos administrativo, pedag\u00f3gico y comunitario. Se construyen 6 aulas en un bloque de 3 pisos con capacidad para atender 400 ni\u00f1os que estaban por fuera del servicio educativo.<\/p>\n<p>Mediante Resoluci\u00f3n N\u00ba 013 del 13 de Enero de 2006 la S.E.M. designa como nuevo Rector de la Instituci\u00f3n al Especialista JOSE DEL CARMEN ORTEGA, quien realiza una incomparable labor con la participaci\u00f3n activa y sentido de pertenencia de los se\u00f1ores coordinadores Licenciado JAIRO MENESES OVALLOS, el Licenciado CESAR A. FERN\u00c1NDEZ PEREZ, un grupo selecto de 35 docentes licenciados en las diferentes \u00e1reas del conocimiento, 13 empleados administrativos y de servicios generales que mancomunadamente se ofrece un servicio de calidad a 1.200 estudiantes de estratos 0,1,2 en dos Jornadas ma\u00f1ana y tarde de cero y se abre la media T\u00e9cnica, se adopta el escudo y la bandera de la instituci\u00f3n el d\u00eda 9 de diciembre 2006.<\/p>\n<p>Ofreciendo bachillerato t\u00e9cnico en convenio con el CADS en dos modalidades.<\/p>\n<p>En el a\u00f1o 2007 llega como Coordinador \u00c1LVARO PAB\u00d3N CHACON y la Se\u00f1ora MAR\u00cdA ISABEL CASTILLEJO. A\u00fan no se grad\u00faa la primera promoci\u00f3n.<\/p>\n<p>En el a\u00f1o 2009 se grad\u00faa la primera promoci\u00f3n, siendo titular la docente MIRIAM CONSUELO SALAZAR. Llega como coordinadora NELLY MARIA PABON y como nuevo Rector ORLANDO ORTIZ, se inicia el procesamiento de notas con plataforma privada contratada por la Instituci\u00f3n.<\/p>\n<p>14 de octubre del 2010 durante la ceremonia de despedida del se\u00f1or Rector Esp. Orlando Ortiz Ortega se estrena el himno del colegio creado por el Lic. MIGUEL ANTONIO DUQUE SERRANO y la partitura estuvo a cargo de Jorge Alirio Fuentes, estudiante de la universidad de Pamplona. En este a\u00f1o se grad\u00faan los estudiantes en Salud con especialidad en Salud P\u00fablica<\/p>\n<p>En el 2010 asume Rector\u00eda por encargo la Coordinadora NELLY MARIA PABON, se grad\u00faa la segunda promoci\u00f3n siendo titular JAVIER ANTONIO BUENA\u00d1O MARQUEZ. En Salud con especialidad en Salud P\u00fablica<\/p>\n<p>En el 2011 llega como Rector JOSE ANTONIO PARADA CARVAJAL, inici\u00e1ndose el proceso de avances tecnol\u00f3gicos en cuanto a dotaci\u00f3n de las aulas de clase con televisor y teatro en casa, que durante cuatro a\u00f1os avanz\u00f3 a la totalidad de las aulas, adem\u00e1s se cuenta con cinco tableros digitales, se reorganiza la banda marcial de paz, se crea el grupo de danzas, se abren las validaciones para adultos en los fines de semana en convenio con el Colegio Reino Unido, este convenio se da hasta el 2013 y en el 2014 se crea convenio de validaci\u00f3n estatal con A CRECER, en 2015 y 2017 con SER HUMANO ampli\u00e1ndose a horarios de nocturno y fines de semana, en el 2018 se conoce como ESCUELA INTEGRAL.<\/p>\n<p>En el 2011 son dos grados de la promoci\u00f3n siendo titulares CARLOS CAMARGO Y JAVIER VELASCO. Se grad\u00faan estudiantes en tres modalidades: Bachiller t\u00e9cnico en Agroindustria con especialidad en Manipulaci\u00f3n y procesamiento de alimentos, Bachiller T\u00e9cnico en Inform\u00e1tica y nuevas tecnolog\u00edas y en Salud con especialidad en Salud P\u00fablica<\/p>\n<p>En el 2012 son titulares de grado once NANCY SALAZAR Y MIRIAM CONSUELO SALAZAR. Se grad\u00faan estudiantes en tres modalidades: Bachiller T\u00e9cnico en Inform\u00e1tica y nuevas tecnolog\u00edas, en Salud con especialidad en Salud P\u00fablica, en Metalmec\u00e1nica y Asistencia Administrativa<\/p>\n<p>En el 2013 son titulares de once grado JAVIER BUENA\u00d1O Y JAVIER VELASCO. Se grad\u00faan estudiantes en dos modalidades: Bachiller T\u00e9cnico en Sistemas con especialidad en Mantenimiento de Equipos de C\u00f3mputo, en Salud con Especialidad en Servicios Farmac\u00e9uticos.<\/p>\n<p>En el 2014 se remodela la planta f\u00edsica con inversi\u00f3n de estado por ola invernal y se construyen las dos bater\u00edas sanitarias, para dar un mejor servicio a la comunidad, se va de coordinaci\u00f3n Nelly Mar\u00eda Pab\u00f3n y llega como coordinadora provisional BIBIANA RAMOS, son titulares de once grado FANNY ESPERANZA GOMEZ Y JORGE ENRIQUE REYES. Se grad\u00faan estudiantes en dos modalidades: Bachiller T\u00e9cnico en Sistemas con especialidad en Mantenimiento de Equipos de C\u00f3mputo, en Salud con Especialidad en Servicios Farmac\u00e9uticos.<\/p>\n<p>En el 2015 se da una renovaci\u00f3n del personal pues entran en nombramiento por modalidad concurso de m\u00e9ritos siete docentes y la coordinadora MARTHA CECILIA GARCIA BAR\u00d3N, son titulares de once grado XIOMARA CRISTANCHO Y LUZ DARY VERA. Se grad\u00faan estudiantes en dos modalidades: Bachiller T\u00e9cnico en Sistemas con especialidad en Mantenimiento de Equipos de C\u00f3mputo, en Salud con Especialidad en Servicios Farmac\u00e9uticos.<\/p>\n<p>En el 2016 son titulares las profesoras NANCY ALARC\u00d3N y GLADYS PARRA en convenio con el CADS funcionan las siguientes modalidades:<\/p>\n<p>1. T\u00e9cnico en sistemas, Especialidad en Mantenimiento de Equipos de C\u00f3mputo.<\/p>\n<p>2. T\u00e9cnico en salud, con Especialidad en Servicios Farmac\u00e9uticos.<\/p>\n<p>En el 2017 se siguen con las mismas modalidades y son titulares JHOER CONSUEGRA Y NHORA BEATRIZ PE\u00d1ARANDA.<\/p>\n<p>1. T\u00e9cnico en sistemas, Especialidad en Mantenimiento de Equipos de C\u00f3mputo.<\/p>\n<p>2. T\u00e9cnico en salud, con Especialidad en Seguridad Ocupacional.<\/p>\n<p>3. T\u00e9cnico en comercio con especialidad en Asistencia Administrativa<\/p>\n<p>En el 2018 se da el proceso de construcci\u00f3n del nuevo restaurante escolar y al terminar convenio CASD \u2013 SENA el grado d\u00e9cimo asume la modalidad de acad\u00e9micos, pero se inicia un proceso de articulaci\u00f3n propio con el SENA en las modalidades de Asistencia Administrativa y Mantenimiento de Computadores, siendo el principal impedimento la falta de espacios f\u00edsicos, se procede a adaptar unos lugares y a construir la propuesta. Se grad\u00faa la \u00faltima promoci\u00f3n de convenio CASD. Finalizando el a\u00f1o se realiz\u00f3 la adecuaci\u00f3n de las arcos para que fueran movibles y as\u00ed aprovechar la tarima de presentaciones. Se invirti\u00f3 en equipos para mejorar la calidad del sonido. Por decreto se pasa a conformar la Jornada \u00danica siendo beneficiada la Media T\u00e9cnica.<\/p>\n<p>En el 2019 se grad\u00faa una promoci\u00f3n acad\u00e9mica cuyos titulares fueron los docentes JAVIER ANTONIO BUENA\u00d1O M\u00c1RQUEZ y WILSON ALIRIO D\u00cdAZ JAIMES. Se inicia el programa de modalidades con el SENA directamente en la instituci\u00f3n, en las aulas asignadas solo para el proceso de la t\u00e9cnica. Se trabaja por horas extras, siendo docente asignado Carlos Dur\u00e1n y como docente de la instituci\u00f3n asume Sa\u00fal Antonio Velandia. Se adquiri\u00f3 un plan de internet de fibra \u00f3ptica de 100 M y los integrantes del proyecto TIC realizaron la configuraci\u00f3n de los routers para tener redes exclusivas. Se mejor\u00f3 el sistema de c\u00e1maras. Se realiz\u00f3 el encerramiento de la instituci\u00f3n mediante gesti\u00f3n ante entes gubernamentales realizada por la personera Katherine Le\u00f3n Dita.<\/p>\n<p>En el a\u00f1o 2020, fueron titulares de la promoci\u00f3n los docentes MAR\u00cdA DEL CARMEN PARRA HERN\u00c1NDEZ y LUIS EDUARDO MANCIPE LUNA. Se adecuaron espacios para Transici\u00f3n aprovechando el proyecto de encerramiento y se gestionaron otros arreglos con recursos propios de la instituci\u00f3n. Se firmaron acuerdos con la Universidad Francisco de Paula Santander y la Universidad de Pamplona para contar con estudiantes practicantes de diferentes modalidades, como apoyo pedag\u00f3gico y social. En marzo con el inicio de la pandemia se firm\u00f3 convenio con la plataforma Google, quienes hicieron proceso de capacitaci\u00f3n a los docentes en el manejo de herramientas virtuales G Suite, posteriormente dicho manejo fue asumido por la plataforma Ovy. Se realizaron cambios al SIEE, al PEI y en el desarrollo pedag\u00f3gico conforme a las orientaciones emanadas de los decretos, circulares y resoluciones de los diferentes entes gubernamentales. Con los dineros girados por la pandemia se adquirieron equipos de reproducci\u00f3n de documentos e insumos para entregar material pedag\u00f3gico a los estudiantes que no ten\u00edan conectividad. Se focalizaron estudiantes sin recursos tecnol\u00f3gicos para asignarles las tablets y computadores port\u00e1tiles, la Secretar\u00eda de Educaci\u00f3n asign\u00f3 a la instituci\u00f3n 133 Simcards que fueron distribuidas a los estudiantes seg\u00fan la focalizaci\u00f3n.<\/p>\n<p>Desde el inicio de la pandemia hasta la clausura del a\u00f1o escolar las actividades institucionales y pedag\u00f3gicas se realizaron de forma virtual.[\/vc_column_text][\/vc_tta_section][vc_tta_section title=\u00bbOBJETIVOS DE LA INSTITUCI\u00d3N\u00bb tab_id=\u00bb1553201553661-4cb8a9a4-11b5&#8243;][vc_column_text]\u00b7 Fortalecer y consolidar la instituci\u00f3n educativa mediante la integraci\u00f3n de los diferentes grados, niveles, ciclos y establecimientos educativos para la conformaci\u00f3n de una nueva instituci\u00f3n escolar.<\/p>\n<p>\u00b7 Hacer propios los objetivos comunes definidos en la Ley General de educaci\u00f3n (art\u00edculo 13) encaminados a lograr el desarrollo integral de los alumnos para que ellos influyan de manera consciente y positiva en los destinos del Pa\u00eds.<\/p>\n<p>\u00b7 Ofrecer a los alumnos un curr\u00edculo com\u00fan entendido como el conjunto de procesos, saberes, competencias y valores b\u00e1sicos y fundamentales para el desarrollo integral por medio del cual adquieren una formaci\u00f3n acorde con las exigencias actuales y futuras.<\/p>\n<p>\u00b7 Fortalecer la capacidad de la instituci\u00f3n educativa para adelantar procesos formativos que promuevan valores y desarrollen competencias individuales y de grupo para ejercer la democracia, interact\u00faa con base en el respeto a los derechos humanos de los dem\u00e1s, manejar de manera adecuada los conflictos, y participar en alternativas de soluci\u00f3n a los problemas que afectan a la comunidad educativa.<\/p>\n<p>\u00b7 Fomentar el afianzamiento de una cultura institucional con rutina y procedimientos, que transformen las relaciones pedag\u00f3gicas, la participaci\u00f3n en la gesti\u00f3n escolar y las relaciones con la comunidad, en oportunidades para aprender a convivir de manera constructiva y pac\u00edfica.<\/p>\n<p>\u00b7 Contribuir a la construcci\u00f3n de una sociedad equitativa, justa y en paz.<\/p>\n<p>\u00b7 Integrar a los procesos educativos los DBA (derechos B\u00e1sicos de Aprendizaje) en los diferentes Planes de \u00c1rea, los proyectos trasversales: Programa de Educaci\u00f3n para la Sexualidad y Construcci\u00f3n de Ciudadan\u00eda (PESCC); el Proyecto Ambiental Escolar (PRAE); Educaci\u00f3n para el Ejercicio de los Derechos Humanos y en uni\u00f3n con el Manual de Convivencia y el Sistema Institucional de Evaluaci\u00f3n (SIE) conformar la estructura org\u00e1nica institucional adem\u00e1s de la adopci\u00f3n del Proyecto l\u00edder en m\u00ed, que busca formar personas altamente competitivas para el mundo laboral y social.[\/vc_column_text][\/vc_tta_section][\/vc_tta_tabs][\/vc_column][\/vc_row][vc_row][vc_column]<div class=\"thim-widget-heading template-base\"><div class=\"sc_heading  text-center\"><h3 class=\"title\">S\u00edmbolos <strong>Institucionales<\/strong><\/h3><\/div><\/div>[\/vc_column][\/vc_row][vc_row][vc_column width=\u00bb1\/2&#8243;][vc_column_text css_animation=\u00bbzoomIn\u00bb]<\/p>\n<h3 class=\"thim-text-title\">BANDERA<\/h3>\n<p><img loading=\"lazy\" decoding=\"async\" class=\"alignleft\" src=\"https:\/\/coltoledoplata.edu.co\/web\/wp-content\/uploads\/2019\/07\/image004.jpg\" width=\"247\" height=\"213\" \/>Compuesta por cuatro franjas: la superior e inferior amarilla, la segunda descendiendo de color blanco y la tercera de color azul. En el centro el escudo del colegio.<\/p>\n<p><strong>Amarillo:<\/strong> el sol que brilla todos los d\u00edas<br \/>\n<strong>Blanco:<\/strong> la paz que hay en el colegio.<br \/>\n<strong>Azul:<\/strong> el hermoso cielo que nos rodea[\/vc_column_text][\/vc_column][vc_column width=\u00bb1\/2&#8243;][vc_column_text css_animation=\u00bbzoomIn\u00bb]<\/p>\n<h3 class=\"thim-text-title\">ESCUDO<\/h3>\n<p><img loading=\"lazy\" decoding=\"async\" class=\"alignleft\" src=\"https:\/\/coltoledoplata.edu.co\/web\/wp-content\/uploads\/2019\/07\/escudo.png\" width=\"208\" height=\"208\" \/>Consiste en un c\u00edrculo bordeado por otro c\u00edrculo de color amarillo, que significa la riqueza en valores de la comunidad, en \u00e9l est\u00e1 impreso el nombre de la instituci\u00f3n Colegio Toledo Plata. Una banda verde simbolizando la esperanza, en ella est\u00e1 escrita la palabra libertad en la parte izquierda, teniendo en la parte de abajo un \u00e1guila; en el lado derecho est\u00e1 escrita la palabra respeto teniendo en la parte de abajo una familia como base de la sociedad.<\/p>\n<p>En la parte superior en medio de la banda verde se encuentra en color rojo el logo del Colegio Toledo Plata: CTP.<\/p>\n<p>Todo esto con un fondo azul que representa el conocimiento que los docentes brindan a sus estudiantes.<\/p>\n<p>Fue definido en una semana cultural y aprobada en un consejo directivo el d\u00eda 9 de diciembre 2006.[\/vc_column_text][\/vc_column][\/vc_row][vc_row full_width=\u00bbstretch_row_content_no_spaces\u00bb css=\u00bb.vc_custom_1562791298518{background-color: #d3f2e3 !important;}\u00bb][vc_column][vc_row_inner][vc_column_inner]<div class=\"thim-widget-heading template-base\"><div class=\"sc_heading  text-center\"><h3 class=\"title\"><strong>Himno<\/strong> Institucional<\/h3><span class=\"line\"><\/span><\/div><\/div>[\/vc_column_inner][\/vc_row_inner][vc_row_inner][vc_column_inner width=\u00bb1\/3&#8243;]<div class=\"thim-widget-heading template-base\"><div class=\"sc_heading  text-center\"><h3 class=\"title\">CORO<\/h3><span class=\"line\"><\/span><\/div><\/div>[vc_column_text]<\/p>\n<div style=\"text-align: center;\">Juventud que trabaja y aprende<br \/>\nEntonado sus cantos de paz<br \/>\nAl futuro marchemos airosos<br \/>\nEn procura de un noble ideal<br \/>\nAl futuro marchemos airosos<br \/>\nEn procura de un mismo ideal<\/div>\n<p>[\/vc_column_text][\/vc_column_inner][vc_column_inner width=\u00bb1\/3&#8243;]<div class=\"thim-widget-heading template-base\"><div class=\"sc_heading  text-center\"><h3 class=\"title\">I<\/h3><span class=\"line\"><\/span><\/div><\/div>[vc_column_text]<\/p>\n<div style=\"text-align: center;\">Esperanza de un ni\u00f1o que anhela<br \/>\nEn la cima del monte real<br \/>\nCaluroso sendero del tiempo<br \/>\nTrayendo a TOLEDO mensajes de paz (2)<\/div>\n<p>[\/vc_column_text]<div class=\"thim-widget-heading template-base\"><div class=\"sc_heading  text-center\"><h3 class=\"title\">III<\/h3><span class=\"line\"><\/span><\/div><\/div>[vc_column_text]<\/p>\n<div style=\"text-align: center;\">Juventud que airosa y postrera<br \/>\nEmpu\u00f1ando el mazo y el pan<br \/>\nUnidos por siempre marchando<br \/>\nEn busca de un sue\u00f1o hecho realidad (2)<\/div>\n<p>[\/vc_column_text][\/vc_column_inner][vc_column_inner width=\u00bb1\/3&#8243;]<div class=\"thim-widget-heading template-base\"><div class=\"sc_heading  text-center\"><h3 class=\"title\">II<\/h3><span class=\"line\"><\/span><\/div><\/div>[vc_column_text]<\/p>\n<div style=\"text-align: center;\">A la cima TOLEDO se asoma<br \/>\nCon un brillo vibrante y fugaz<br \/>\nOndeando banderas de triunf\u00f3<br \/>\nClamando en COLOMBIA por la dulce paz (2)<\/div>\n<p>[\/vc_column_text][\/vc_column_inner][\/vc_row_inner][\/vc_column][\/vc_row]<\/p>\n<\/div>","protected":false},"excerpt":{"rendered":"<p>[vc_row][vc_column][\/vc_column][\/vc_row][vc_row css=\u00bb.vc_custom_1559531433775{margin-bottom: 15px !important;}\u00bb][vc_column width=\u00bb1\/2&#8243; css=\u00bb.vc_custom_1562790987399{margin-bottom: 30px !important;}\u00bb][vc_column_text] Misi\u00f3n Somos una Instituci\u00f3n Educativa oficial, con media t\u00e9cnica articulada con el SENA para la formaci\u00f3n laboral, de car\u00e1cter incluyente, formadora de ciudadanos emprendedores capaces de tomar decisiones apropiadas de acuerdo a &hellip; <\/p>\n","protected":false},"author":1,"featured_media":0,"parent":0,"menu_order":0,"comment_status":"closed","ping_status":"closed","template":"","meta":{"footnotes":""},"class_list":["post-11502","page","type-page","status-publish","hentry"],"_links":{"self":[{"href":"https:\/\/coltoledoplata.edu.co\/web\/wp-json\/wp\/v2\/pages\/11502","targetHints":{"allow":["GET"]}}],"collection":[{"href":"https:\/\/coltoledoplata.edu.co\/web\/wp-json\/wp\/v2\/pages"}],"about":[{"href":"https:\/\/coltoledoplata.edu.co\/web\/wp-json\/wp\/v2\/types\/page"}],"author":[{"embeddable":true,"href":"https:\/\/coltoledoplata.edu.co\/web\/wp-json\/wp\/v2\/users\/1"}],"replies":[{"embeddable":true,"href":"https:\/\/coltoledoplata.edu.co\/web\/wp-json\/wp\/v2\/comments?post=11502"}],"version-history":[{"count":8,"href":"https:\/\/coltoledoplata.edu.co\/web\/wp-json\/wp\/v2\/pages\/11502\/revisions"}],"predecessor-version":[{"id":11812,"href":"https:\/\/coltoledoplata.edu.co\/web\/wp-json\/wp\/v2\/pages\/11502\/revisions\/11812"}],"wp:attachment":[{"href":"https:\/\/coltoledoplata.edu.co\/web\/wp-json\/wp\/v2\/media?parent=11502"}],"curies":[{"name":"wp","href":"https:\/\/api.w.org\/{rel}","templated":true}]}}